{"id":611,"date":"2022-05-13T20:33:13","date_gmt":"2022-05-13T18:33:13","guid":{"rendered":"https:\/\/www.indipack.it\/?page_id=611"},"modified":"2022-05-13T20:37:32","modified_gmt":"2022-05-13T18:37:32","slug":"politica-pefc","status":"publish","type":"page","link":"https:\/\/www.indipack.it\/index.php\/politica-pefc\/","title":{"rendered":"Politica PEFC"},"content":{"rendered":"\t\t<div data-elementor-type=\"wp-page\" data-elementor-id=\"611\" class=\"elementor elementor-611\" data-elementor-settings=\"[]\">\n\t\t\t\t\t\t\t<div class=\"elementor-section-wrap\">\n\t\t\t\t\t\t\t<section class=\"elementor-section elementor-top-section elementor-element elementor-element-2ecabab4 elementor-section-boxed elementor-section-height-default elementor-section-height-default\" data-id=\"2ecabab4\" data-element_type=\"section\">\n\t\t\t\t\t\t<div class=\"elementor-container elementor-column-gap-default\">\n\t\t\t\t\t<div class=\"elementor-column elementor-col-100 elementor-top-column elementor-element elementor-element-7e9ba339\" data-id=\"7e9ba339\" data-element_type=\"column\">\n\t\t\t<div class=\"elementor-widget-wrap elementor-element-populated\">\n\t\t\t\t\t\t\t\t<div class=\"elementor-element elementor-element-26b6d05 elementor-widget elementor-widget-heading\" data-id=\"26b6d05\" data-element_type=\"widget\" data-widget_type=\"heading.default\">\n\t\t\t\t<div class=\"elementor-widget-container\">\n\t\t\t<h1 class=\"elementor-heading-title elementor-size-default\">Politica per la Catena di Custodia PEFC\u2122 dei prodotti legnosi<\/h1>\t\t<\/div>\n\t\t\t\t<\/div>\n\t\t\t\t<div class=\"elementor-element elementor-element-b868994 elementor-widget elementor-widget-heading\" data-id=\"b868994\" data-element_type=\"widget\" data-widget_type=\"heading.default\">\n\t\t\t\t<div class=\"elementor-widget-container\">\n\t\t\t<h3 class=\"elementor-heading-title elementor-size-default\">Gruppo Conlegno Trust<\/h3>\t\t<\/div>\n\t\t\t\t<\/div>\n\t\t\t\t<div class=\"elementor-element elementor-element-7215e9b elementor-widget elementor-widget-heading\" data-id=\"7215e9b\" data-element_type=\"widget\" data-widget_type=\"heading.default\">\n\t\t\t\t<div class=\"elementor-widget-container\">\n\t\t\t<h3 class=\"elementor-heading-title elementor-size-default\">Indipack s.r.l.<\/h3>\t\t<\/div>\n\t\t\t\t<\/div>\n\t\t\t\t\t<\/div>\n\t\t<\/div>\n\t\t\t\t\t\t\t<\/div>\n\t\t<\/section>\n\t\t\t\t<section class=\"elementor-section elementor-top-section elementor-element elementor-element-bb83cb8 elementor-section-boxed elementor-section-height-default elementor-section-height-default\" data-id=\"bb83cb8\" data-element_type=\"section\">\n\t\t\t\t\t\t<div class=\"elementor-container elementor-column-gap-default\">\n\t\t\t\t\t<div class=\"elementor-column elementor-col-100 elementor-top-column elementor-element elementor-element-8462722\" data-id=\"8462722\" data-element_type=\"column\">\n\t\t\t<div class=\"elementor-widget-wrap elementor-element-populated\">\n\t\t\t\t\t\t\t\t<div class=\"elementor-element elementor-element-b7a1f91 elementor-widget elementor-widget-text-editor\" data-id=\"b7a1f91\" data-element_type=\"widget\" data-widget_type=\"text-editor.default\">\n\t\t\t\t<div class=\"elementor-widget-container\">\n\t\t\t\t\t\t\t\t<!-- wp:heading -->\n<p>Conlegno ha predisposto un apposito progetto per l\u2019attivazione della certificazione della catena di custodia PEFC<sup>\u2122 <\/sup>di Gruppo dedicata alle imprese consorziate e non consorziate afferenti alla filiera del legno e derivati.<\/p>\n<p>Il soggetto coordinatore del gruppo sar\u00e0 Conlegno \u201cGruppo TRUST\u201d che funger\u00e0 da \u201cufficio centrale\u201d. Le singole aziende saranno inquadrate come unit\u00e0 produttive (\u201cmembri del gruppo\u201d), ciascuna delle quali dotata di una propria autonomia gestionale e organizzativa.\u00a0<\/p>\n<p>Creare un Gruppo significa inoltre permettere di attuare e certificare la catena di custodia anche in societ\u00e0 di piccole dimensioni. Questo si tradurr\u00e0 inoltre in un risparmio notevole sui costi necessari per l\u2019implementazione ed il mantenimento della catena di custodia PEFC<sup>\u2122<\/sup>.<\/p>\n<p>La presente iniziativa \u00e8 volta anche a sostenere e supportare le aziende aderenti che hanno scelto di valorizzare l\u2019utilizzo di materia prima legnosa e prodotti derivati provenienti da una gestione sostenibile e responsabile da un punto di vista ambientale, sociale ed economico, semplificando l\u2019iter, coordinando il gruppo a livello centrale e cercando di valorizzare l\u2019industria italiana del legno all\u2019interno del panorama edile nazionale e del mondo produttivo di prodotti legnosi e derivati sempre all\u2019interno del mercato italiano.<\/p>\n<p>I principali obiettivi possono cos\u00ec essere riassunti:<\/p>\n<ul>\n<li>Valorizzare l\u2019industria italiana del legno;<\/li>\n<li>Rispettare la legislazione vigente in materia forestale;<\/li>\n<li>privilegiare l\u2019approvvigionamento di prodotti legnosi provenienti da foreste gestite in maniera sostenibile e verificare che le forniture non provengano da fonti controverse;<\/li>\n<li>privilegiare i fornitori che operano nel rispetto della GFS o CoC secondo lo schema PEFC;<\/li>\n<li>sensibilizzare i fornitori, i terzisti e tutte le parti interessate sulle tematiche relative alla gestione forestale sostenibile;<\/li>\n<li>formare periodicamente tutte le persone coinvolte dalla CoC in merito alle procedure da rispettare per garantire la conformit\u00e0 della CoC e dare maggiore valore aggiunto.<\/li>\n<li>avviare la creazione di una vera e propria filiera nazionale per i prodotti certificati PEFC coinvolgendo tutti i diversi attori.<\/li>\n<\/ul>\n<p>\u00a0<\/p>\n<p>Tali principi e valori sono visti come opportunit\u00e0 di crescita per le imprese locali e di cooperazione con le istituzioni e le associazioni di categoria, cos\u00ec da rispondere sempre pi\u00f9 e sempre meglio ai bisogni dei clienti, delle aziende ed alla sensibilit\u00e0 della collettivit\u00e0, sempre pi\u00f9 attenta alle problematiche ambientali e sociali.<\/p>\n<p>Inoltre, sono visti come opportunit\u00e0 di crescita nell\u2019ottica di poter consolidare i mercati gi\u00e0 presenti e di poter operare anche in nuove nicchie di mercato, anche a fronte delle ultime evoluzioni legislative.<\/p>\n<p>L\u2019azienda INDIPACK SRL si impegna inoltre a diffondere questi principi ad ogni livello all\u2019interno della propria organizzazione ed agli altri soggetti interessati.<\/p>\n<!-- \/wp:paragraph --><!-- wp:heading --><!-- \/wp:heading -->\t\t\t\t\t\t<\/div>\n\t\t\t\t<\/div>\n\t\t\t\t\t<\/div>\n\t\t<\/div>\n\t\t\t\t\t\t\t<\/div>\n\t\t<\/section>\n\t\t\t\t\t\t<\/div>\n\t\t\t\t\t<\/div>\n\t\t","protected":false},"excerpt":{"rendered":"<p>Politica per la Catena di Custodia PEFC\u2122 dei prodotti legnosi Gruppo Conlegno Trust Indipack s.r.l. Conlegno ha predisposto un apposito progetto per l\u2019attivazione della certificazione della catena di custodia PEFC\u2122 di Gruppo dedicata alle imprese consorziate e non consorziate afferenti alla filiera del legno e derivati. Il soggetto coordinatore del gruppo sar\u00e0 Conlegno \u201cGruppo TRUST\u201d [&hellip;]<\/p>\n","protected":false},"author":1,"featured_media":0,"parent":0,"menu_order":0,"comment_status":"closed","ping_status":"closed","template":"","meta":[],"_links":{"self":[{"href":"https:\/\/www.indipack.it\/index.php\/wp-json\/wp\/v2\/pages\/611"}],"collection":[{"href":"https:\/\/www.indipack.it\/index.php\/wp-json\/wp\/v2\/pages"}],"about":[{"href":"https:\/\/www.indipack.it\/index.php\/wp-json\/wp\/v2\/types\/page"}],"author":[{"embeddable":true,"href":"https:\/\/www.indipack.it\/index.php\/wp-json\/wp\/v2\/users\/1"}],"replies":[{"embeddable":true,"href":"https:\/\/www.indipack.it\/index.php\/wp-json\/wp\/v2\/comments?post=611"}],"version-history":[{"count":4,"href":"https:\/\/www.indipack.it\/index.php\/wp-json\/wp\/v2\/pages\/611\/revisions"}],"predecessor-version":[{"id":615,"href":"https:\/\/www.indipack.it\/index.php\/wp-json\/wp\/v2\/pages\/611\/revisions\/615"}],"wp:attachment":[{"href":"https:\/\/www.indipack.it\/index.php\/wp-json\/wp\/v2\/media?parent=611"}],"curies":[{"name":"wp","href":"https:\/\/api.w.org\/{rel}","templated":true}]}}