{"id":606,"date":"2022-05-13T20:25:44","date_gmt":"2022-05-13T18:25:44","guid":{"rendered":"https:\/\/www.indipack.it\/?page_id=606"},"modified":"2022-05-13T20:33:02","modified_gmt":"2022-05-13T18:33:02","slug":"condizioni-generali-di-vendita","status":"publish","type":"page","link":"https:\/\/www.indipack.it\/index.php\/condizioni-generali-di-vendita\/","title":{"rendered":"Condizioni generali di vendita"},"content":{"rendered":"\t\t<div data-elementor-type=\"wp-page\" data-elementor-id=\"606\" class=\"elementor elementor-606\" data-elementor-settings=\"[]\">\n\t\t\t\t\t\t\t<div class=\"elementor-section-wrap\">\n\t\t\t\t\t\t\t<section class=\"elementor-section elementor-top-section elementor-element elementor-element-2ecabab4 elementor-section-boxed elementor-section-height-default elementor-section-height-default\" data-id=\"2ecabab4\" data-element_type=\"section\">\n\t\t\t\t\t\t<div class=\"elementor-container elementor-column-gap-default\">\n\t\t\t\t\t<div class=\"elementor-column elementor-col-100 elementor-top-column elementor-element elementor-element-7e9ba339\" data-id=\"7e9ba339\" data-element_type=\"column\">\n\t\t\t<div class=\"elementor-widget-wrap elementor-element-populated\">\n\t\t\t\t\t\t\t\t<div class=\"elementor-element elementor-element-26b6d05 elementor-widget elementor-widget-heading\" data-id=\"26b6d05\" data-element_type=\"widget\" data-widget_type=\"heading.default\">\n\t\t\t\t<div class=\"elementor-widget-container\">\n\t\t\t<h1 class=\"elementor-heading-title elementor-size-default\">Condizioni generali di vendita<\/h1>\t\t<\/div>\n\t\t\t\t<\/div>\n\t\t\t\t\t<\/div>\n\t\t<\/div>\n\t\t\t\t\t\t\t<\/div>\n\t\t<\/section>\n\t\t\t\t<section class=\"elementor-section elementor-top-section elementor-element elementor-element-bb83cb8 elementor-section-boxed elementor-section-height-default elementor-section-height-default\" data-id=\"bb83cb8\" data-element_type=\"section\">\n\t\t\t\t\t\t<div class=\"elementor-container elementor-column-gap-default\">\n\t\t\t\t\t<div class=\"elementor-column elementor-col-100 elementor-top-column elementor-element elementor-element-8462722\" data-id=\"8462722\" data-element_type=\"column\">\n\t\t\t<div class=\"elementor-widget-wrap elementor-element-populated\">\n\t\t\t\t\t\t\t\t<div class=\"elementor-element elementor-element-b7a1f91 elementor-widget elementor-widget-text-editor\" data-id=\"b7a1f91\" data-element_type=\"widget\" data-widget_type=\"text-editor.default\">\n\t\t\t\t<div class=\"elementor-widget-container\">\n\t\t\t\t\t\t\t\t<!-- wp:heading -->\n<h2>1. Oggetto<\/h2>\n<p>Indipack Srl Si impegna a fornire al Cliente i prodotti ed i servizi indicati nell&#8217;offerta, alle condizioni concordate. Nel caso in cui il Cliente, a conferma del presente documento, emettesse ordine o conferma, s&#8217;intenderanno accettate le condizioni dell&#8217;offerta e le condizioni generali di contratto anche se non specificatamente menzionate nel predetto ordine o conferma.<\/p>\n<p>\u00a0<\/p>\n<h2>2. Prezzi<\/h2>\n<p>Salvo diversa indicazione specifica segnalata in offerta, i prezzi si intendono al netto di Iva e Conai.<\/p>\n<p>\u00a0<\/p>\n<h2>3. Modifiche all&#8217;ordine (o al contratto)\u00a0<\/h2>\n<p>Qualsiasi variazioni all&#8217;ordine potr\u00e0 essere accettata solamente se non si sia iniziata l&#8217;evasione dello stesso.<\/p>\n<p>\u00a0<\/p>\n<h2>4. Requisiti tecnici<\/h2>\n<p>Le richieste di offerta e gli ordini devono contenere esaurienti informazioni sui requisiti di fornitura e tecnici, in particolare in merito a:<\/p>\n<ul>\n<li>le dimensioni (lunghezza x larghezza x altezza)<\/li>\n<li>la portata<\/li>\n<li>eventuali note specifiche relative alla pallettizzazione<\/li>\n<\/ul>\n<p>\u00a0<\/p>\n<p>Il calcolo delle sollecitazioni ammissibili \u00e8 fattibile solamente con costruzioni a telaio interno, a norme UNI 9151 o simili.<\/p>\n<p>Le dimensioni segnalate dovranno essere quelle interne del contenitore.\u00a0 Il cliente dovr\u00e0 comunicare l&#8217;eventuale presenza di vincoli dimensionali esterni, dovuti al mezzo di trasporto da utilizzare nella spedizione (sagoma ferroviaria, trasporti eccezionali, altri mezzi particolari).<\/p>\n<p>Il peso del prodotto da imballare si intende uniformemente distribuito, il cliente dovr\u00e0 segnalare i casi di diversa distribuzione\/concentrazione e posizione del baricentro.<\/p>\n<p>Per ragioni fitosanitarie, la mancata comunicazione della destinazione finale dell&#8217;imballo, ci sollever\u00e0 da ogni responsabilit\u00e0 in merito all&#8217;utilizzo di materiale non idoneamente trattato e delle relative marchiature.<\/p>\n<p>Salvo diverse disposizioni del cliente, per la costruzione degli imballi saranno utilizzati i seguenti componenti legnosi:<\/p>\n<ul>\n<li>Abete III\/IV qualit\u00e0 imballo<\/li>\n<li>Compensato di abete ad incollaggio fenolico<\/li>\n<li>OSB classe 3\u00b0<\/li>\n<\/ul>\n<p>\u00a0<\/p>\n<p>In presenza di servizio di imballaggio, sar\u00e0 Vs. cura:\u00a0\u00a0<\/p>\n<ul>\n<li>comunicare indirizzi di marcatura e la simbologia da applicare agli imballi, relative dimensioni e colore (se diverso dal nero);<\/li>\n<li>segnalare specifiche precauzioni di movimentazione e trattamento;<\/li>\n<li>identificare i macchinari da imballare con riferimenti a commessa\/ordine\/ecc.<\/li>\n<\/ul>\n<p>\u00a0<\/p>\n<h2>4. Vincoli costruttivi<\/h2>\n<p>Nel caso in cui gli imballaggi vengano progettati dalla nostra azienda, non accetteremo ordini di prodotti che, a nostro giudizio, non offrono sufficienti garanzie di sicurezza.<\/p>\n<p>Costruzioni su vostro disegno\/specifica\/disposizione ci sollevano da ogni responsabilit\u00e0.<\/p>\n<p>\u00a0<\/p>\n<h2>6. Servizio di imballo<\/h2>\n<p>Per le operazioni di imballo presso la vostra sede deve essere accertata:<\/p>\n<ul>\n<li>disponibilit\u00e0 di aree, mezzi di movimentazione, aria compressa a 7 atmosfere (il tutto nel rispetto del decreto-legge 81\/08 e successive modifiche);<\/li>\n<li>disponibilit\u00e0 di vostro personale addetto alla spedizione e movimentazione dei materiali da imballare a piedi cassa.<\/li>\n<\/ul>\n<p>Dovranno essere rese disponibili aree coperte di dimensioni adeguate ed opportunamente attrezzate nel caso in cui fosse previsto l&#8217;imballaggio di merci che temono l&#8217;umidit\u00e0 e che richiedono le necessarie protezioni contro l&#8217;ossidazione, come l&#8217;utilizzo del sacco barriera con i relativi sali disidratanti, la cui durata massima \u00e8 da intendersi di 6 mesi decorrente dalla data di conclusione del servizio di stivaggio, salvo diversa indicazione indicata in offerta. L\u2019adozione del sacco barriera non garantisce la merce dagli agenti atmosferici ma costituisce soltanto una protezione dall&#8217;umidit\u00e0 presente nell&#8217;aria, conformemente a quanto stabilito dalle norme di riferimento. Ove per contro, il Cliente ritenesse di effettuare gli stivaggi in aree scoperte, Indipack Srl non assumer\u00e0 alcuna responsabilit\u00e0 nel caso in cui le merci, a causa del maltempo, fossero imballate in condizioni non idonee (bagnate o anche semplicemente umide).<\/p>\n<p>Nel caso di impossibilit\u00e0 di svolgere le operazioni ci riserviamo la facolt\u00e0 di addebitare gli oneri conseguenti.\u00a0<\/p>\n<p>In caso di servizio di imballo presso la nostra sede, il committente dovr\u00e0 consegnarci il prodotto da imballare con mezzi propri o con vettore presso il nostro magazzino, dove provvederemo alla movimentazione e all&#8217;immagazzinaggio.<\/p>\n<p>Dalla data di ultimazione dell&#8217;imballo, il committente avr\u00e0 15 giorni di tempo per il ritiro. Trascorso tale termine, sar\u00e0 concordato il prezzo di deposito della merce.<\/p>\n<p>\u00a0<\/p>\n<h2>7. Modalit\u00e0 d&#8217;impiego degli imballaggi<\/h2>\n<p>\u00a0Il Cliente, con l&#8217;accettazione della presente offerta, si dichiara informato di quanto descritto:<\/p>\n<ul>\n<li>che gli imballaggi offerti sono progettati per una portata pari al peso netto indicato nella documentazione che Indipack Srl inoltrer\u00e0 al Cliente;<\/li>\n<li>la simbologia internazionale apposta sugli imballaggi impone l&#8217;adozione di opportune cautele di movimentazione, nel trasporto e nello stoccaggio degli stessi e che l&#8217;apposizione dei simboli sotto elencati (elencati a titolo d&#8217;esempio) comporta l&#8217;adozione delle relative specifiche indicazioni:\n<ul>\n<li>Ombrello: indica che l&#8217;imballaggio deve essere stoccato al coperto<\/li>\n<li>Bicchiere: indica che il contenuto dell&#8217;imballaggio deve essere maneggiato e movimentato con cautela<\/li>\n<li>Catene: rappresentano i punti di sollevamento tramite fasce o catene<\/li>\n<li>Simbolo del baricentro: evidenzia il punto di bilanciamento del collo<\/li>\n<li>Carrello elevatore barrato: indica il divieto di movimentazione del collo con carrello elevatore dal lato in cui \u00e8 apposto detto simbolo.<\/li>\n<li>Frecce rivolte in alto: indicano che il collo deve essere posizionato con la parte superiore in direzione delle frecce.<\/li>\n<\/ul>\n<\/li>\n<\/ul>\n<p>\u00a0<\/p>\n<p>Indipack Srl Declina qualunque responsabilit\u00e0 nel caso in cui l&#8217;imballaggio fornito fosse utilizzato impropriamente sia per ci\u00f2 che attiene l&#8217;eventuale superamento della portata, sia per quanto riguarda l&#8217;errata o impropria utilizzazione secondo quanto indicato dalla simbologia sopra menzionata.<\/p>\n<p>\u00a0<\/p>\n<h2>8. Garanzie e danni<\/h2>\n<p>\u00c8 esclusa la responsabilit\u00e0 di Indipack Srl per difformit\u00e0 o vizi d&#8217;imballaggio e per eventuali danni derivanti alle persone o cose:<\/p>\n<ul>\n<li>in conseguenza all&#8217;inosservanza da parte del Cliente (o da parte di terzi da esso incaricati oppure terzi che, in ogni caso, provvedono alla movimentazione e\/o trasporto e\/o spedizione)<\/li>\n<li>ove il Cliente adottasse, tramite richiesta, un metodo d&#8217;imballaggio non ritenuto idonea da Indipack Srl e da questa espressamente evidenziato per iscritto.<\/li>\n<li>nel caso in cui il Cliente integrasse quanto fornito da Indipack Srl, conforme allo standard ISPM n. 15, con parti in legno non trattate. La responsabilit\u00e0 per ci\u00f2 che attiene il trattamento fitosanitario \u00e8 assunta come di seguito indicato:<\/li>\n<li>Fornitura di imballaggi senza materiali di fissaggio, con operazioni di stivaggio a cura del Cliente: la responsabilit\u00e0 \u00e8 da\u00a0\u00a0 intendersi relativa, unicamente, all&#8217;imballaggio fornito.<\/li>\n<li>Fornitura di imballaggi con materiali di fissaggio, con operazioni di stivaggio a cura del Cliente la responsabilit\u00e0 \u00e8 da ritenersi relativa sia all&#8217;imballaggio, sia al materiale di fissaggio; il materiale di fissaggio \u00e8 riconoscibile mediante le marchiature apposte sul materiale stesso.<\/li>\n<li>Fornitura di imballaggi con\/senza materiali di fissaggio, con operazioni di stivaggio a cura di Indipack Srl: la responsabilit\u00e0 \u00e8 da intendersi relativa a tutte le parti in legno presenti nella fornitura; detto imballaggio, cos\u00ec come eventuali materiali di fissaggio in legno, sono oggetto di identificazione tramite la marcatura apposta soltanto sull&#8217;imballaggio. Poich\u00e9 la responsabilit\u00e0 dello stivaggio e conseguentemente del materiale di fissaggio \u00e8 a carico di Indipack Srl non si procede con l&#8217;apposizione di alcuna marcatura sul predetto materiale di fissaggio.<\/li>\n<\/ul>\n<p>\u00a0<\/p>\n<p>\u00c8 esclusa la responsabilit\u00e0 di Indipack Srl per ci\u00f2 che concerne il peso complessivo della merce imballata, restando a carico di Indipack Srl stessa esclusivamente il peso della tara (imballaggio).<\/p>\n<p>Nel caso in cui si riscontrassero danni alle merci, Indipack Srl prender\u00e0 in considerazioni le eventuali richieste di indennizzo soltanto previa esibizione di documentazione fotografica che evidenzi lo stato dell&#8217;imballaggio al momento dell&#8217;arrivo (non ancora aperto) e all&#8217;atto dell&#8217;apertura (con coperchio ed un lato aperto, nella prima fase, con l&#8217;intero rivestimento smontato, nella seconda fase); come si presenta la merce con fotografie che possono evidenziare la merce nel suo complesso e dove \u00e8 avvenuto il danno; il luogo di stoccaggio della merce al momento dell&#8217;arrivo. In assenza di questi requisiti non si potr\u00e0 prendere in considerazione alcuna richiesta di indennizzo e nel caso in cui il Cliente non fosse nella condizione di garantire le attivit\u00e0 peritali previste dalle norme internazionali in materia di assicurazione.<\/p>\n<p>Per i danni provocati da umidit\u00e0 o condensa, la nostra garanzia risponder\u00e0 soltanto se verranno da noi messe in opera le cuffie in accoppiato barriera.<\/p>\n<p>La garanzia prestazionale non copre eventuali carenze imputabili a fattori da noi non governabili, come:<\/p>\n<ul>\n<li>processo di ossidazione iniziato prima delle operazioni di imballaggio;<\/li>\n<li>raggruppamento di materiali da Voi richiesto e considerato da noi a priori deleterio per una perfetta ermeticit\u00e0;<\/li>\n<li>manomissione del contenitore o del sacco condizionato, da parte degli operatori doganali e\/o altri, per ispezioni;<\/li>\n<li>vizi occulti o cause non riconducibili alla nostra professionalit\u00e0;<\/li>\n<li>errata movimentazione;<\/li>\n<li>modalit\u00e0 di deposito non idonee.<\/li>\n<\/ul>\n<h2>\u00a0<\/h2>\n<h2>9. Legge applicabile e foro competente<\/h2>\n<p>\u00a0Per quanto sopra non espressamente previsto e salvo ulteriori accordi particolari, anche in deroga alle predette disposizioni, troveranno applicazione le disposizioni del codice civile e delle leggi vigenti in materia.<\/p>\n<h6>Per ogni controversia, il foro competente sar\u00e0 quello di Milano.<\/h6>\n<!-- \/wp:paragraph --><!-- wp:heading --><!-- \/wp:heading -->\t\t\t\t\t\t<\/div>\n\t\t\t\t<\/div>\n\t\t\t\t\t<\/div>\n\t\t<\/div>\n\t\t\t\t\t\t\t<\/div>\n\t\t<\/section>\n\t\t\t\t\t\t<\/div>\n\t\t\t\t\t<\/div>\n\t\t","protected":false},"excerpt":{"rendered":"<p>Condizioni generali di vendita 1. Oggetto Indipack Srl Si impegna a fornire al Cliente i prodotti ed i servizi indicati nell&#8217;offerta, alle condizioni concordate. Nel caso in cui il Cliente, a conferma del presente documento, emettesse ordine o conferma, s&#8217;intenderanno accettate le condizioni dell&#8217;offerta e le condizioni generali di contratto anche se non specificatamente menzionate [&hellip;]<\/p>\n","protected":false},"author":1,"featured_media":0,"parent":0,"menu_order":0,"comment_status":"closed","ping_status":"closed","template":"","meta":[],"_links":{"self":[{"href":"https:\/\/www.indipack.it\/index.php\/wp-json\/wp\/v2\/pages\/606"}],"collection":[{"href":"https:\/\/www.indipack.it\/index.php\/wp-json\/wp\/v2\/pages"}],"about":[{"href":"https:\/\/www.indipack.it\/index.php\/wp-json\/wp\/v2\/types\/page"}],"author":[{"embeddable":true,"href":"https:\/\/www.indipack.it\/index.php\/wp-json\/wp\/v2\/users\/1"}],"replies":[{"embeddable":true,"href":"https:\/\/www.indipack.it\/index.php\/wp-json\/wp\/v2\/comments?post=606"}],"version-history":[{"count":4,"href":"https:\/\/www.indipack.it\/index.php\/wp-json\/wp\/v2\/pages\/606\/revisions"}],"predecessor-version":[{"id":610,"href":"https:\/\/www.indipack.it\/index.php\/wp-json\/wp\/v2\/pages\/606\/revisions\/610"}],"wp:attachment":[{"href":"https:\/\/www.indipack.it\/index.php\/wp-json\/wp\/v2\/media?parent=606"}],"curies":[{"name":"wp","href":"https:\/\/api.w.org\/{rel}","templated":true}]}}