{"id":3,"date":"2021-06-29T07:58:33","date_gmt":"2021-06-29T05:58:33","guid":{"rendered":"https:\/\/www.indipack.it\/?page_id=3"},"modified":"2024-02-20T09:37:25","modified_gmt":"2024-02-20T08:37:25","slug":"privacy-policy","status":"publish","type":"page","link":"https:\/\/www.indipack.it\/index.php\/privacy-policy\/","title":{"rendered":"Privacy Policy"},"content":{"rendered":"\t\t<div data-elementor-type=\"wp-page\" data-elementor-id=\"3\" class=\"elementor elementor-3\" data-elementor-settings=\"[]\">\n\t\t\t\t\t\t\t<div class=\"elementor-section-wrap\">\n\t\t\t\t\t\t\t<section class=\"elementor-section elementor-top-section elementor-element elementor-element-2ecabab4 elementor-section-boxed elementor-section-height-default elementor-section-height-default\" data-id=\"2ecabab4\" data-element_type=\"section\">\n\t\t\t\t\t\t<div class=\"elementor-container elementor-column-gap-default\">\n\t\t\t\t\t<div class=\"elementor-column elementor-col-100 elementor-top-column elementor-element elementor-element-7e9ba339\" data-id=\"7e9ba339\" data-element_type=\"column\">\n\t\t\t<div class=\"elementor-widget-wrap elementor-element-populated\">\n\t\t\t\t\t\t\t\t<div class=\"elementor-element elementor-element-26b6d05 elementor-widget elementor-widget-heading\" data-id=\"26b6d05\" data-element_type=\"widget\" data-widget_type=\"heading.default\">\n\t\t\t\t<div class=\"elementor-widget-container\">\n\t\t\t<h1 class=\"elementor-heading-title elementor-size-default\">Privacy Policy<\/h1>\t\t<\/div>\n\t\t\t\t<\/div>\n\t\t\t\t\t<\/div>\n\t\t<\/div>\n\t\t\t\t\t\t\t<\/div>\n\t\t<\/section>\n\t\t\t\t<section class=\"elementor-section elementor-top-section elementor-element elementor-element-bb83cb8 elementor-section-boxed elementor-section-height-default elementor-section-height-default\" data-id=\"bb83cb8\" data-element_type=\"section\">\n\t\t\t\t\t\t<div class=\"elementor-container elementor-column-gap-default\">\n\t\t\t\t\t<div class=\"elementor-column elementor-col-100 elementor-top-column elementor-element elementor-element-8462722\" data-id=\"8462722\" data-element_type=\"column\">\n\t\t\t<div class=\"elementor-widget-wrap elementor-element-populated\">\n\t\t\t\t\t\t\t\t<div class=\"elementor-element elementor-element-b7a1f91 elementor-widget elementor-widget-text-editor\" data-id=\"b7a1f91\" data-element_type=\"widget\" data-widget_type=\"text-editor.default\">\n\t\t\t\t<div class=\"elementor-widget-container\">\n\t\t\t\t\t\t\t\t<!-- wp:heading -->\n<h2 class=\"p1\">Anagrafica Clienti<\/h2>\n<p class=\"p1\"><em>ai sensi dell&#8217;art. 13 del Regolamento (UE) 679\/2016 relativo alla protezione delle persone fisiche con riguardo al trattamento dei dati personali<\/em><\/p>\n<p class=\"p1\">indipack srl (nel seguito la &#8220;Societ\u00e0&#8221; o il &#8220;Titolare&#8221;), con sede legale in V.le Brianza, 22 &#8211; 20127 Milano (MI) Italia e P. IVA 11268070965, in qualit\u00e0 di titolare del trattamento, vi informa, ai sensi dell&#8217;art. 13 del Regolamento Europeo 679\/2016 relativo alla protezione dei dati personali (&#8220;GDPR&#8221;), in merito al trattamento dei vostri dati personali che sar\u00e0 effettuato dallo scrivente.<\/p>\n<h4 class=\"p1\">1. Tipologia di dati trattati<\/h4>\n<p class=\"p1\">La Societ\u00e0 \u00e8 titolare del trattamento dei dati personali comunicati dall&#8217;Utente allo scrivente e comprendono:<\/p>\n<p class=\"p1\">Ragione Sociale\/Cognome e Nome, Codice Fiscale ed altri numeri di identificazione, Coordinate Bancarie, Indirizzo, Indirizzo E-Mail<\/p>\n<h4 class=\"p1\">2. Finalit\u00e0 del trattamento<\/h4>\n<p class=\"p1\">Il trattamento dei Dati \u00e8 effettuato dalla Societ\u00e0 nello svolgimento delle sue attivit\u00e0. In particolare, i Dati forniti dagli Interessati saranno oggetto di trattamento, con strumenti informatici e non, per le seguenti finalit\u00e0:<\/p>\n<h6 class=\"p1\">Adempimenti commerciali , contabili e fiscali<\/h6>\n<ul>\n<li class=\"p1\">Il criterio di liceit\u00e0 per il quale si rende possibile il trattamento \u00e8: <strong>Il trattamento \u00e8 necessario per adempiere un obbligo legale al quale \u00e8 soggetto il titolare del trattamento<\/strong><\/li>\n<li class=\"p1\">Il cui fondamento trova riscontro in una Normativa Di Riferimento: <strong>Norma Unione<\/strong><\/li>\n<li class=\"p1\">Richiesto Consenso per la finalit\u00e0: <strong>SI<\/strong><\/li>\n<\/ul>\n<p>&nbsp;<\/p>\n<h6 class=\"p1\">Videosorveglianza ed altri sistemi di ripresa video<\/h6>\n<ul>\n<li class=\"p1\">Il criterio di liceit\u00e0 per il quale si rende possibile il trattamento \u00e8: Il trattamento \u00e8 necessario per il perseguimento del legittimo interesse del titolare del trattamento o di terzi<\/li>\n<li class=\"p1\">Il cui fondamento trova riscontro in una Normativa Di Riferimento: <strong>Norma Unione<\/strong><\/li>\n<li class=\"p1\">Ulteriori note che possono descrivere la finalit\u00e0: <strong>Entro i limiti di legge<\/strong><\/li>\n<li class=\"p1\">Richiesto Consenso per la finalit\u00e0: <strong>SI<\/strong><\/li>\n<\/ul>\n<p>&nbsp;<\/p>\n<h6 class=\"p1\">Attivit\u00e0 promozionali<\/h6>\n<ul>\n<li class=\"p1\">Il criterio di liceit\u00e0 per il quale si rende possibile il trattamento \u00e8: <strong>L&#8217;interessato deve esprimere il consenso al trattamento dei propri dati personali per la specifica finalit\u00e0<\/strong><\/li>\n<li class=\"p1\">Il cui fondamento trova riscontro in una Normativa Di Riferimento: <strong>Norma Unione<\/strong><\/li>\n<li class=\"p1\">Richiesto Consenso per la finalit\u00e0: <strong>SI<\/strong><\/li>\n<\/ul>\n<h6>\u00a0<\/h6>\n<h6 class=\"p1\">Campagne di Direct Email Marketing<\/h6>\n<ul>\n<li class=\"p1\">Il criterio di liceit\u00e0 per il quale si rende possibile il trattamento \u00e8: <strong>L&#8217;interessato deve esprimere il consenso al trattamento dei propri dati personali per la specifica finalit\u00e0<\/strong><\/li>\n<li class=\"p1\">Il cui fondamento trova riscontro in una Normativa Di Riferimento: <strong>Norma Unione<\/strong><\/li>\n<li class=\"p1\">Richiesto Consenso per la finalit\u00e0: <strong>SI<\/strong><\/li>\n<\/ul>\n<h4>\u00a0<\/h4>\n<h4 class=\"p1\">3. Modalit\u00e0 del Trattamento<\/h4>\n<p class=\"p1\">I Dati saranno trattati dalla Societ\u00e0 con sistemi elettronici e manuali secondo i principi di correttezza, lealt\u00e0 e trasparenza previsti dalla normativa applicabile in materia di protezione dei dati personali e tutelando la riservatezza dell&#8217;Interessato tramite misure di sicurezza tecniche e organizzative per garantire un livello di sicurezza adeguato.<\/p>\n<p>&nbsp;<\/p>\n<h4 class=\"p1\">4. Conservazione dei dati<\/h4>\n<p class=\"p1\">I Dati forniti dall&#8217;Interessato saranno trattati per una durata:<\/p>\n<ul>\n<li class=\"p1\"><strong>Data inizio: 15\/03\/2021<\/strong><\/li>\n<li class=\"p1\"><strong>Criterio durata: Criterio determinazione periodo<\/strong><\/li>\n<li class=\"p1\"><strong>Descrizione criterio: L&#8217;obbligo della conservazione \u00e8 condizionato dall&#8217;esistenza di relazioni commerciali con il cliente e dalle disposizioni in materia di conservazione dei dati contabili e fiscali. La persistenza dell&#8217;informazione nel sistema \u00e8 a tempo indeterminato<\/strong><\/li>\n<\/ul>\n<h4>\u00a0<\/h4>\n<h4 class=\"p1\">5 Interessati<\/h4>\n<p class=\"p1\"><strong>Clienti, Prospect<\/strong><\/p>\n<p>&nbsp;<\/p>\n<h4 class=\"p1\">6. Eccezioni Art. 9\/10<\/h4>\n<h4>\u00a0<\/h4>\n<h4 class=\"p1\">7. Comunicazione, diffusione e trasferimento dei Dati<\/h4>\n<p class=\"p1\">I Dati saranno trattati, nei limiti di quanto necessario, dal personale autorizzato, adeguatamente istruito e formato, dal Titolare nonch\u00e9 dal personale dei soggetti terzi che prestano servizi al Titolare ed effettuano trattamenti di Dati per conto e su istruzione di quest&#8217;ultimo quali responsabili del trattamento.<\/p>\n<p class=\"p1\">In caso di comunicazione a terzi i destinatari potranno essere:<\/p>\n<p class=\"p1\"><span style=\"text-decoration: underline;\">Categorie:<\/span><\/p>\n<ul>\n<li class=\"p1\">Destinatario: <strong>Clienti, vettori, spedizionieri, agenti, addetti all&#8217;utilizzo del software, professionisti ai quali ci rivolgiamo per adempiere agli obblighi previsti.<\/strong><\/li>\n<\/ul>\n<p class=\"p1\"><span style=\"text-decoration: underline;\">Destinatari:<\/span><\/p>\n<p class=\"p1\"><strong>Non sono stati definiti specifici destinatari ai quali I dati potranno essere comunicati<\/strong><\/p>\n<p class=\"p1\">Pi\u00f9 in generale, nello svolgimento delle proprie attivit\u00e0 ordinarie aziendali i Dati potranno essere comunicati a soggetti che svolgono attivit\u00e0 di controllo, revisione e certificazione delle attivit\u00e0 poste in essere dal Titolare, consulenti e liberi professionisti nel contesto di servizi di assistenza fiscale, giudiziale e in caso di operazioni societarie per cui si renda necessario valutare gli asset aziendali, enti e amministrazioni pubbliche, nonch\u00e9 a soggetti legittimati per legge a ricevere tali informazioni, autorit\u00e0 giudiziarie italiane e straniere e altre pubbliche autorit\u00e0, per le finalit\u00e0 connesse all&#8217;adempimento di obblighi legali, o per l&#8217;espletamento delle obbligazioni assunte e scaturenti dalla relazione contrattuale, compreso per esigenza di difesa in giudizio.<\/p>\n<p class=\"p1\"><strong>I dati raccolti non saranno oggetto di trasferimento in paesi extra ue<\/strong><\/p>\n<h4>\u00a0<\/h4>\n<h4 class=\"p1\">8. Attivit\u00e0 di profilazione e\/o elaborazione automatica<\/h4>\n<p class=\"p1\"><strong>I dati raccolti non saranno oggetto di profilazione n\u00e9 elaborazione automatica<\/strong><\/p>\n<h4>\u00a0<\/h4>\n<h4 class=\"p1\">9. Ulteriori soggetti collegati al trattamento<\/h4>\n<p class=\"p1\">Titolare\/i ed eventuale\/i rappresentante\/i in UE:<\/p>\n<p class=\"p1\"><strong>Non \u00e8 previsto un rappresentante in ue per il titolare<\/strong><\/p>\n<p class=\"p1\">Contitolare\/i:<\/p>\n<p class=\"p1\"><strong>Non \u00e8 previsto un contitolare per il\/i trattamento\/i in oggetto<\/strong><\/p>\n<p class=\"p1\">Responsabile\/i:<\/p>\n<ul>\n<li class=\"p1\">Nome e Cognome: <strong>Alessandro Canese<\/strong><\/li>\n<li class=\"p1\">Codice_fiscale: <strong>cnslsn77t04e463j<\/strong><\/li>\n<\/ul>\n<p>&nbsp;<\/p>\n<ul>\n<li class=\"p1\">Ragione sociale: <strong>A&amp;F CONSULTING S.R.L.<\/strong><\/li>\n<li class=\"p1\">Partita iva: <strong>01425260195<\/strong><\/li>\n<li class=\"p1\">Codice_fiscale: <strong>01425260195<\/strong><\/li>\n<\/ul>\n<p>&nbsp;<\/p>\n<ul>\n<li class=\"p1\">Ragione sociale: <strong>The Advisory Box s.r.l.<\/strong><\/li>\n<li class=\"p1\">Partita iva: <strong>02334290505<\/strong><\/li>\n<li class=\"p1\">Codice_fiscale: <strong>02334290505<\/strong><\/li>\n<\/ul>\n<p>&nbsp;<\/p>\n<ul>\n<li class=\"p1\">Ragione sociale: <strong>CED Brugherio srl<\/strong><\/li>\n<li class=\"p1\">Partita iva: <strong>08316140964<\/strong><\/li>\n<li class=\"p1\">Codice_fiscale: <strong>08316140964<\/strong><\/li>\n<\/ul>\n<p>&nbsp;<\/p>\n<p class=\"p1\">Dpo:<\/p>\n<p class=\"p1\"><strong>Non \u00e8 previsto la nomina di un DPO\/RDP per il\/i trattamento\/i in oggetto<\/strong><\/p>\n<p>&nbsp;<\/p>\n<h4 class=\"p1\">10. Quali sono i diritti dell&#8217;Interessato<\/h4>\n<p class=\"p1\">L&#8217;Interessato potr\u00e0 esercitare, in relazione al trattamento dei dati ivi descritto, i diritti previsti dal GDPR (artt. 15-21), ivi inclusi:<\/p>\n<ul>\n<li class=\"p1\">ricevere conferma dell\u2019esistenza dei Dati e accedere al loro contenuto (diritti di accesso);<\/li>\n<li class=\"p1\">aggiornare, modificare e\/o correggere i Dati (diritto di rettifica);<\/li>\n<li class=\"p1\">chiederne la cancellazione o la limitazione del trattamento dei Dati trattati in violazione di legge compresi quelli di cui non \u00e8 necessaria la conservazione in relazione agli scopi per i quali i Dati sono stati raccolti o altrimenti trattati (diritto all&#8217;oblio e diritto alla limitazione);<\/li>\n<li class=\"p1\">opporsi al trattamento (diritto di opposizione);<\/li>\n<li class=\"p1\">proporre reclamo all&#8217;Autorit\u00e0 di controllo (Garante per la protezione dei dati personali www.garanteprivacy.it) in caso di violazione della disciplina in materia di protezione dei dati personali;<\/li>\n<li class=\"p1\">ricevere copia in formato elettronico dei Dati che lo riguardano come Interessato, quando tali Dati siano stati resi nel contesto del contratto e chiedere che tali Dati siano trasmessi ad un altro titolare del trattamento (diritto alla portabilit\u00e0 dei dati).<\/li>\n<\/ul>\n<p>&nbsp;<\/p>\n<p class=\"p1\">Per esercitare tali diritti l&#8217;Interessato pu\u00f2 contattare il Titolare del trattamento inviando una comunicazione a:<\/p>\n<ul>\n<li class=\"p1\">Tipo contatto: <strong>PEC<\/strong><\/li>\n<li class=\"p1\">Recapito: <strong>mail@pec.indipack.it<\/strong><\/li>\n<\/ul>\n<p>&nbsp;<\/p>\n<p class=\"p1\">Nel contattarci, l&#8217;Interessato dovr\u00e0 accertarsi di includere il proprio nome, email\/indirizzo postale e\/o numero\/i di telefono per essere sicuro che la sua richiesta possa essere gestita correttamente.<\/p>\n<!-- \/wp:paragraph -->\n\n<!-- wp:heading --><!-- \/wp:heading -->\t\t\t\t\t\t<\/div>\n\t\t\t\t<\/div>\n\t\t\t\t\t<\/div>\n\t\t<\/div>\n\t\t\t\t\t\t\t<\/div>\n\t\t<\/section>\n\t\t\t\t<section class=\"elementor-section elementor-top-section elementor-element elementor-element-e780fe1 elementor-section-boxed elementor-section-height-default elementor-section-height-default\" data-id=\"e780fe1\" data-element_type=\"section\">\n\t\t\t\t\t\t<div class=\"elementor-container elementor-column-gap-default\">\n\t\t\t\t\t<div class=\"elementor-column elementor-col-100 elementor-top-column elementor-element elementor-element-a97b698\" data-id=\"a97b698\" data-element_type=\"column\">\n\t\t\t<div class=\"elementor-widget-wrap elementor-element-populated\">\n\t\t\t\t\t\t\t\t<div class=\"elementor-element elementor-element-d62ba53 elementor-widget elementor-widget-text-editor\" data-id=\"d62ba53\" data-element_type=\"widget\" data-widget_type=\"text-editor.default\">\n\t\t\t\t<div class=\"elementor-widget-container\">\n\t\t\t\t\t\t\t\t<!-- wp:heading -->\n<h2 class=\"p1\">Anagrafica Fornitori<\/h2>\n<p class=\"p1\"><em>ai sensi dell&#8217;art. 13 del Regolamento (UE) 679\/2016 relativo alla protezione delle persone fisiche con riguardo al trattamento dei dati personali<\/em><\/p>\n<p class=\"p1\">indipack srl (nel seguito la &#8220;Societ\u00e0&#8221; o il &#8220;Titolare&#8221;), con sede legale in V.le Brianza, 22 &#8211; 20127 Milano (MI) Italia e P. IVA 11268070965, in qualit\u00e0 di titolare del trattamento, vi informa, ai sensi dell&#8217;art. 13 del Regolamento Europeo 679\/2016 relativo alla protezione dei dati personali (&#8220;GDPR&#8221;), in merito al trattamento dei vostri dati personali che sar\u00e0 effettuato dallo scrivente.<\/p>\n<h4 class=\"p1\">1. Tipologia di dati trattati<\/h4>\n<p class=\"p1\">La Societ\u00e0 \u00e8 titolare del trattamento dei dati personali comunicati dall&#8217;Utente allo scrivente e comprendono:<\/p>\n<p class=\"p1\">Ragione Sociale\/Cognome e Nome, Codice Fiscale ed altri numeri di identificazione, Coordinate Bancarie, Indirizzo, Indirizzo E-Mail<\/p>\n<h4 class=\"p1\">2. Finalit\u00e0 del trattamento<\/h4>\n<p class=\"p1\">Il trattamento dei Dati \u00e8 effettuato dalla Societ\u00e0 nello svolgimento delle sue attivit\u00e0. In particolare, i Dati forniti dagli Interessati saranno oggetto di trattamento, con strumenti informatici e non, per le seguenti finalit\u00e0:<\/p>\n<h6 class=\"p1\">Adempimenti commerciali , contabili e fiscali<\/h6>\n<ul>\n<li class=\"p1\">Il criterio di liceit\u00e0 per il quale si rende possibile il trattamento \u00e8: <strong>Il trattamento \u00e8 necessario per adempiere un obbligo legale al quale \u00e8 soggetto il titolare del trattamento<\/strong><\/li>\n<li class=\"p1\">Il cui fondamento trova riscontro in una Normativa Di Riferimento: <strong>Norma Unione<\/strong><\/li>\n<li class=\"p1\">Richiesto Consenso per la finalit\u00e0: <strong>NO<\/strong><\/li>\n<\/ul>\n<p>&nbsp;<\/p>\n<h6 class=\"p1\">Videosorveglianza ed altri sistemi di ripresa video<\/h6>\n<ul>\n<li class=\"p1\">Il criterio di liceit\u00e0 per il quale si rende possibile il trattamento \u00e8: <strong>Il trattamento \u00e8 necessario per il perseguimento del legittimo interesse del titolare del trattamento o di terzi<\/strong><\/li>\n<li class=\"p1\">Il cui fondamento trova riscontro in una Normativa Di Riferimento: <strong>Norma Unione<\/strong><\/li>\n<li class=\"p1\">Ulteriori note che possono descrivere la finalit\u00e0: <strong>Entro i limiti di legge<\/strong><\/li>\n<li class=\"p1\">Richiesto Consenso per la finalit\u00e0: <strong>NO<\/strong><\/li>\n<\/ul>\n<h4>\u00a0<\/h4>\n<h4 class=\"p1\">3. Modalit\u00e0 del Trattamento<\/h4>\n<p class=\"p1\">I Dati saranno trattati dalla Societ\u00e0 con sistemi elettronici e manuali secondo i principi di correttezza, lealt\u00e0 e trasparenza previsti dalla normativa applicabile in materia di protezione dei dati personali e tutelando la riservatezza dell&#8217;Interessato tramite misure di sicurezza tecniche e organizzative per garantire un livello di sicurezza adeguato.<\/p>\n<p>&nbsp;<\/p>\n<h4 class=\"p1\">4. Conservazione dei dati<\/h4>\n<p class=\"p1\">I Dati forniti dall&#8217;Interessato saranno trattati per una durata:<\/p>\n<ul>\n<li class=\"p1\"><strong>Data inizio: 15\/03\/2021<\/strong><\/li>\n<li class=\"p1\"><strong>Criterio durata: Criterio determinazione periodo<\/strong><\/li>\n<li class=\"p1\"><strong>Descrizione criterio: L&#8217;obbligo della conservazione \u00e8 condizionato dall&#8217;esistenza di relazioni commerciali con il cliente e dalle disposizioni in materia di conservazione dei dati contabili e fiscali. La persistenza dell&#8217;informazione nel sistema \u00e8 a tempo indeterminato<\/strong><\/li>\n<\/ul>\n<h4>\u00a0<\/h4>\n<h4 class=\"p1\">5 Interessati<\/h4>\n<p class=\"p1\"><strong>Fornitori<\/strong><\/p>\n<p>&nbsp;<\/p>\n<h4 class=\"p1\">6. Eccezioni Art. 9\/10<\/h4>\n<h4>\u00a0<\/h4>\n<h4 class=\"p1\">7. Comunicazione, diffusione e trasferimento dei Dati<\/h4>\n<p class=\"p1\">I Dati saranno trattati, nei limiti di quanto necessario, dal personale autorizzato, adeguatamente istruito e formato, dal Titolare nonch\u00e9 dal personale dei soggetti terzi che prestano servizi al Titolare ed effettuano trattamenti di Dati per conto e su istruzione di quest&#8217;ultimo quali responsabili del trattamento.<\/p>\n<p class=\"p1\">In caso di comunicazione a terzi i destinatari potranno essere:<\/p>\n<p class=\"p1\"><span style=\"text-decoration: underline;\">Categorie:<\/span><\/p>\n<ul>\n<li class=\"p1\">Destinatario: <strong>Fornitori, vettori, spedizionieri, agenti, addetti all&#8217;utilizzo del software, professionisti ai quali ci rivolgiamo per adempiere agli obblighi previsti.<\/strong><\/li>\n<\/ul>\n<p class=\"p1\"><span style=\"text-decoration: underline;\">Destinatari:<\/span><\/p>\n<p class=\"p1\"><strong>Non sono stati definiti specifici destinatari ai quali I dati potranno essere comunicati<\/strong><\/p>\n<p class=\"p1\">Pi\u00f9 in generale, nello svolgimento delle proprie attivit\u00e0 ordinarie aziendali i Dati potranno essere comunicati a soggetti che svolgono attivit\u00e0 di controllo, revisione e certificazione delle attivit\u00e0 poste in essere dal Titolare, consulenti e liberi professionisti nel contesto di servizi di assistenza fiscale, giudiziale e in caso di operazioni societarie per cui si renda necessario valutare gli asset aziendali, enti e amministrazioni pubbliche, nonch\u00e9 a soggetti legittimati per legge a ricevere tali informazioni, autorit\u00e0 giudiziarie italiane e straniere e altre pubbliche autorit\u00e0, per le finalit\u00e0 connesse all&#8217;adempimento di obblighi legali, o per l&#8217;espletamento delle obbligazioni assunte e scaturenti dalla relazione contrattuale, compreso per esigenza di difesa in giudizio.<\/p>\n<p class=\"p1\"><strong>I dati raccolti non saranno oggetto di trasferimento in paesi extra ue<\/strong><\/p>\n<h4>\u00a0<\/h4>\n<h4 class=\"p1\">8. Attivit\u00e0 di profilazione e\/o elaborazione automatica<\/h4>\n<p class=\"p1\"><strong>I dati raccolti non saranno oggetto di profilazione n\u00e9 elaborazione automatica<\/strong><\/p>\n<h4>\u00a0<\/h4>\n<h4 class=\"p1\">9. Ulteriori soggetti collegati al trattamento<\/h4>\n<p class=\"p1\">Titolare\/i ed eventuale\/i rappresentante\/i in UE:<\/p>\n<p class=\"p1\"><strong>Non \u00e8 previsto un rappresentante in ue per il titolare<\/strong><\/p>\n<p class=\"p1\">Contitolare\/i:<\/p>\n<p class=\"p1\"><strong>Non \u00e8 previsto un contitolare per il\/i trattamento\/i in oggetto<\/strong><\/p>\n<p class=\"p1\">Responsabile\/i:<\/p>\n<ul>\n<li class=\"p1\">Nome e Cognome: <strong>Alessandro Canese<\/strong><\/li>\n<li class=\"p1\">Codice_fiscale: <strong>cnslsn77t04e463j<\/strong><\/li>\n<\/ul>\n<p>&nbsp;<\/p>\n<ul>\n<li class=\"p1\">Ragione sociale: <strong>A&amp;F CONSULTING S.R.L.<\/strong><\/li>\n<li class=\"p1\">Partita iva: <strong>01425260195<\/strong><\/li>\n<li class=\"p1\">Codice_fiscale: <strong>01425260195<\/strong><\/li>\n<\/ul>\n<p>&nbsp;<\/p>\n<ul>\n<li class=\"p1\">Ragione sociale: <strong>The Advisory Box s.r.l.<\/strong><\/li>\n<li class=\"p1\">Partita iva: <strong>02334290505<\/strong><\/li>\n<li class=\"p1\">Codice_fiscale: <strong>02334290505<\/strong><\/li>\n<\/ul>\n<p>&nbsp;<\/p>\n<ul>\n<li class=\"p1\">Ragione sociale: <strong>CED Brugherio srl<\/strong><\/li>\n<li class=\"p1\">Partita iva: <strong>08316140964<\/strong><\/li>\n<li class=\"p1\">Codice_fiscale: <strong>08316140964<\/strong><\/li>\n<\/ul>\n<p>&nbsp;<\/p>\n<p class=\"p1\">Dpo:<\/p>\n<p class=\"p1\"><strong>Non \u00e8 previsto la nomina di un DPO\/RDP per il\/i trattamento\/i in oggetto<\/strong><\/p>\n<p>&nbsp;<\/p>\n<h4 class=\"p1\">10. Quali sono i diritti dell&#8217;Interessato<\/h4>\n<p class=\"p1\">L&#8217;Interessato potr\u00e0 esercitare, in relazione al trattamento dei dati ivi descritto, i diritti previsti dal GDPR (artt. 15-21), ivi inclusi:<\/p>\n<ul>\n<li class=\"p1\">ricevere conferma dell\u2019esistenza dei Dati e accedere al loro contenuto (diritti di accesso);<\/li>\n<li class=\"p1\">aggiornare, modificare e\/o correggere i Dati (diritto di rettifica);<\/li>\n<li class=\"p1\">chiederne la cancellazione o la limitazione del trattamento dei Dati trattati in violazione di legge compresi quelli di cui non \u00e8 necessaria la conservazione in relazione agli scopi per i quali i Dati sono stati raccolti o altrimenti trattati (diritto all&#8217;oblio e diritto alla limitazione);<\/li>\n<li class=\"p1\">opporsi al trattamento (diritto di opposizione);<\/li>\n<li class=\"p1\">proporre reclamo all&#8217;Autorit\u00e0 di controllo (Garante per la protezione dei dati personali www.garanteprivacy.it) in caso di violazione della disciplina in materia di protezione dei dati personali;<\/li>\n<li class=\"p1\">ricevere copia in formato elettronico dei Dati che lo riguardano come Interessato, quando tali Dati siano stati resi nel contesto del contratto e chiedere che tali Dati siano trasmessi ad un altro titolare del trattamento (diritto alla portabilit\u00e0 dei dati).<\/li>\n<\/ul>\n<p>&nbsp;<\/p>\n<p class=\"p1\">Per esercitare tali diritti l&#8217;Interessato pu\u00f2 contattare il Titolare del trattamento inviando una comunicazione a:<\/p>\n<ul>\n<li class=\"p1\">Tipo contatto: <strong>PEC<\/strong><\/li>\n<li class=\"p1\">Recapito: <strong>mail@pec.indipack.it<\/strong><\/li>\n<\/ul>\n<p>&nbsp;<\/p>\n<p class=\"p1\">Nel contattarci, l&#8217;Interessato dovr\u00e0 accertarsi di includere il proprio nome, email\/indirizzo postale e\/o numero\/i di telefono per essere sicuro che la sua richiesta possa essere gestita correttamente.<\/p>\n<!-- \/wp:paragraph -->\n\n<!-- wp:heading --><!-- \/wp:heading -->\t\t\t\t\t\t<\/div>\n\t\t\t\t<\/div>\n\t\t\t\t\t<\/div>\n\t\t<\/div>\n\t\t\t\t\t\t\t<\/div>\n\t\t<\/section>\n\t\t\t\t\t\t<\/div>\n\t\t\t\t\t<\/div>\n\t\t","protected":false},"excerpt":{"rendered":"<p>Privacy Policy Anagrafica Clienti ai sensi dell&#8217;art. 13 del Regolamento (UE) 679\/2016 relativo alla protezione delle persone fisiche con riguardo al trattamento dei dati personali indipack srl (nel seguito la &#8220;Societ\u00e0&#8221; o il &#8220;Titolare&#8221;), con sede legale in V.le Brianza, 22 &#8211; 20127 Milano (MI) Italia e P. IVA 11268070965, in qualit\u00e0 di titolare del [&hellip;]<\/p>\n","protected":false},"author":1,"featured_media":0,"parent":0,"menu_order":0,"comment_status":"closed","ping_status":"open","template":"","meta":[],"_links":{"self":[{"href":"https:\/\/www.indipack.it\/index.php\/wp-json\/wp\/v2\/pages\/3"}],"collection":[{"href":"https:\/\/www.indipack.it\/index.php\/wp-json\/wp\/v2\/pages"}],"about":[{"href":"https:\/\/www.indipack.it\/index.php\/wp-json\/wp\/v2\/types\/page"}],"author":[{"embeddable":true,"href":"https:\/\/www.indipack.it\/index.php\/wp-json\/wp\/v2\/users\/1"}],"replies":[{"embeddable":true,"href":"https:\/\/www.indipack.it\/index.php\/wp-json\/wp\/v2\/comments?post=3"}],"version-history":[{"count":16,"href":"https:\/\/www.indipack.it\/index.php\/wp-json\/wp\/v2\/pages\/3\/revisions"}],"predecessor-version":[{"id":698,"href":"https:\/\/www.indipack.it\/index.php\/wp-json\/wp\/v2\/pages\/3\/revisions\/698"}],"wp:attachment":[{"href":"https:\/\/www.indipack.it\/index.php\/wp-json\/wp\/v2\/media?parent=3"}],"curies":[{"name":"wp","href":"https:\/\/api.w.org\/{rel}","templated":true}]}}